{"id":1726,"date":"2026-01-29T12:36:00","date_gmt":"2026-01-29T15:36:00","guid":{"rendered":"https:\/\/c2751330.ferozo.com\/a\/?post_type=product&#038;p=1726"},"modified":"2026-04-18T16:57:40","modified_gmt":"2026-04-18T19:57:40","slug":"bota-calfor-pampeana-cana-larga-sin-puntera","status":"publish","type":"product","link":"https:\/\/urtec.com.ar\/tienda\/product\/bota-calfor-pampeana-cana-larga-sin-puntera\/","title":{"rendered":"Bota negra CALFOR PAMPEANA Ca\u00f1a Larga sin Puntera"},"content":{"rendered":"","protected":false},"excerpt":{"rendered":"<p>Elaboraci\u00f3n del producto desarrollado con material especialmente para industrias agr\u00edcolas, ganadera, civil, miner\u00eda y tareas en general.<\/p>\n","protected":false},"featured_media":1727,"template":"","meta":{"_joinchat":[]},"product_brand":[276],"product_cat":[265,259],"product_tag":[282,281,272],"class_list":{"0":"post-1726","1":"product","2":"type-product","3":"status-publish","4":"has-post-thumbnail","6":"product_brand-calfor-pampeana","7":"product_cat-botas-pvc","8":"product_cat-calzado-seguridad","9":"product_tag-bota-pvc","10":"product_tag-calfor-pampeana","11":"product_tag-calzado-de-seguridad","13":"first","14":"instock","15":"taxable","16":"shipping-taxable","17":"purchasable","18":"product-type-simple"},"_links":{"self":[{"href":"https:\/\/urtec.com.ar\/tienda\/wp-json\/wp\/v2\/product\/1726","targetHints":{"allow":["GET"]}}],"collection":[{"href":"https:\/\/urtec.com.ar\/tienda\/wp-json\/wp\/v2\/product"}],"about":[{"href":"https:\/\/urtec.com.ar\/tienda\/wp-json\/wp\/v2\/types\/product"}],"wp:featuredmedia":[{"embeddable":true,"href":"https:\/\/urtec.com.ar\/tienda\/wp-json\/wp\/v2\/media\/1727"}],"wp:attachment":[{"href":"https:\/\/urtec.com.ar\/tienda\/wp-json\/wp\/v2\/media?parent=1726"}],"wp:term":[{"taxonomy":"product_brand","embeddable":true,"href":"https:\/\/urtec.com.ar\/tienda\/wp-json\/wp\/v2\/product_brand?post=1726"},{"taxonomy":"product_cat","embeddable":true,"href":"https:\/\/urtec.com.ar\/tienda\/wp-json\/wp\/v2\/product_cat?post=1726"},{"taxonomy":"product_tag","embeddable":true,"href":"https:\/\/urtec.com.ar\/tienda\/wp-json\/wp\/v2\/product_tag?post=1726"}],"curies":[{"name":"wp","href":"https:\/\/api.w.org\/{rel}","templated":true}]}}