{"id":1720,"date":"2026-01-29T12:24:47","date_gmt":"2026-01-29T15:24:47","guid":{"rendered":"https:\/\/c2751330.ferozo.com\/a\/?post_type=product&#038;p=1720"},"modified":"2026-04-17T15:08:28","modified_gmt":"2026-04-17T18:08:28","slug":"botin-ombu-frances-conpuntera-de-acero-negro","status":"publish","type":"product","link":"https:\/\/urtec.com.ar\/tienda\/product\/botin-ombu-frances-conpuntera-de-acero-negro\/","title":{"rendered":"Bot\u00edn OMBU Franc\u00e9s con Puntera de Acero &#8211; Negro"},"content":{"rendered":"<p><strong>Plantilla:<\/strong> Material textil no tejido de alta resistencia e inyectado con soporte de latex. Espesor de 3 a 5 mm. Respirable con propiedades anti mic\u00f3ticas y anti microbianas.<\/p>\n<p><strong>Planta exterior:<\/strong> Cuenta con canales longitudinales para favorecer la tracci\u00f3n y el agarre absorbiendo en el ancho las irregularidades del terreno. Los canales transversales permiten el movimiento controlado de la torsi\u00f3n. Cuenta con un dibujo antideslizante y auto-limpiante. En la zona de enfranque cuenta con una hendidura que opera como traba escaleras.<br \/>\n<strong>Composici\u00f3n:<\/strong> PU Bidensidad formulado tanto para resistir agentes externos como l\u00edquidos, aceites, elementos contundentes, calor, y otros agentes agresivos. El PU Bidensidad tambi\u00e9n est\u00e1 desarrollado para aumentar la absorci\u00f3n de energ\u00eda y favorecer la distribuci\u00f3n del peso corporal en la planta brindando mayor confort y descanso.<\/p>\n<p><strong>Capellada:<\/strong> Cuero vacuno flor seleccionado de primera calidad , de espesor 1.8 a 2 mm.<br \/>\n<strong>Forro de capellada:<\/strong> Material textil no tejido de espesor 1 mm. a 1.2 mm.<br \/>\n<strong>Forro de ca\u00f1a y cuello:<\/strong> Capellada material textil tejido con soporte, de espesor 2 mm, cuenta con tratamiento antimicrobiano sanitized, en la ca\u00f1a.<br \/>\n<strong>Refuerzo de talonera:<\/strong> Material cuero vacuno flor napa, espesor de 1 a 1,2 mm. Evita la rotura por desgaste.<br \/>\n<strong>Costura:<\/strong> Con hilo de Nylon de alta tenacidad.<br \/>\n<strong>Puntera:<\/strong> De acero, resistente al impacto seg\u00fan ensayo requerido en punto 4.3.3.\u00bbC\u00bb Norma IRAM 3610. Resistente a la compresi\u00f3n seg\u00fan ensayo requerido en punto 4.3.3.\u00bbD\u00bb Norma IRAM 3610. El filo interno est\u00e1 revestido con material de l\u00e1tex laminados, de cantos rebajados para minimizar eventuales molestias al flexionar el pi\u00e9.<br \/>\n<strong>Planta exterior:<\/strong> Poliuretano bi-densidad (NO PEGADO). Resistente al choque el\u00e9ctrico seg\u00fan<br \/>\nNorma IRAM 3610. (Rigidez diel\u00e9ctrica).<br \/>\n<strong>Planta:<\/strong> Densidad de 1 +\/- 0,1 gr \/ cm3 dureza shore A 70 +\/- 5 grados, con dibujo antideslizante y auto-limpiante con relieve para evitar el quiebre de la planta. La planta tiene extensi\u00f3n en la zona de la punta para protegerse de las agresiones del suelo.<br \/>\n<strong>Armado:<\/strong> Uni\u00f3n de capellada con plantilla por sistema strobel, la planta est\u00e1 inyectada directamente a la capellada formando una sola pieza.<\/p>\n","protected":false},"excerpt":{"rendered":"<p>Bot\u00edn de trabajo modelo: FRANCES. Color: NEGRO. Capellada en cuero vacuno flor de 1,8 a 2 mm de espesor. Suela inyectada en PU Bidensidad.\u00a0Materiales: Forrer\u00eda de material textil tejido con soporte de 2mm de espesor, tiene tratamiento anti microbiano sanitized.<\/p>\n","protected":false},"featured_media":1721,"template":"","meta":{"_joinchat":[]},"product_brand":[51],"product_cat":[268,259],"product_tag":[280,272,271],"class_list":{"0":"post-1720","1":"product","2":"type-product","3":"status-publish","4":"has-post-thumbnail","6":"product_brand-ombu","7":"product_cat-botines","8":"product_cat-calzado-seguridad","9":"product_tag-botin","10":"product_tag-calzado-de-seguridad","11":"product_tag-ombu","13":"first","14":"instock","15":"taxable","16":"shipping-taxable","17":"purchasable","18":"product-type-simple"},"_links":{"self":[{"href":"https:\/\/urtec.com.ar\/tienda\/wp-json\/wp\/v2\/product\/1720","targetHints":{"allow":["GET"]}}],"collection":[{"href":"https:\/\/urtec.com.ar\/tienda\/wp-json\/wp\/v2\/product"}],"about":[{"href":"https:\/\/urtec.com.ar\/tienda\/wp-json\/wp\/v2\/types\/product"}],"wp:featuredmedia":[{"embeddable":true,"href":"https:\/\/urtec.com.ar\/tienda\/wp-json\/wp\/v2\/media\/1721"}],"wp:attachment":[{"href":"https:\/\/urtec.com.ar\/tienda\/wp-json\/wp\/v2\/media?parent=1720"}],"wp:term":[{"taxonomy":"product_brand","embeddable":true,"href":"https:\/\/urtec.com.ar\/tienda\/wp-json\/wp\/v2\/product_brand?post=1720"},{"taxonomy":"product_cat","embeddable":true,"href":"https:\/\/urtec.com.ar\/tienda\/wp-json\/wp\/v2\/product_cat?post=1720"},{"taxonomy":"product_tag","embeddable":true,"href":"https:\/\/urtec.com.ar\/tienda\/wp-json\/wp\/v2\/product_tag?post=1720"}],"curies":[{"name":"wp","href":"https:\/\/api.w.org\/{rel}","templated":true}]}}