{"id":1697,"date":"2026-01-29T11:06:44","date_gmt":"2026-01-29T14:06:44","guid":{"rendered":"https:\/\/c2751330.ferozo.com\/a\/?post_type=product&#038;p=1697"},"modified":"2026-04-17T15:08:47","modified_gmt":"2026-04-17T18:08:47","slug":"botin-funcional-street-varios-colores","status":"publish","type":"product","link":"https:\/\/urtec.com.ar\/tienda\/product\/botin-funcional-street-varios-colores\/","title":{"rendered":"Bot\u00edn FUNCIONAL Street &#8211; Varios colores"},"content":{"rendered":"<ul>\n<li><strong>Numeraci\u00f3n: <\/strong>36 &#8211; 46<\/li>\n<li><strong>Exterior: <\/strong>Cuero 100% natural<\/li>\n<li><strong>Interior: <\/strong>Forro textil con tratamiento antimicrobiano<\/li>\n<li><strong>Cuello: <\/strong>Acolchado<\/li>\n<li><strong>Leng\u00fceta: <\/strong>Forrada y acolchada<\/li>\n<li><strong>Puntera: <\/strong>Aluminio<\/li>\n<li><strong>Tecnolog\u00edas<\/strong>\n<ul>\n<li><span class=\"metafield-multi_line_text_field\">Aluminium Toe Cap<br \/>\n<\/span><\/li>\n<li><span class=\"metafield-multi_line_text_field\">IPD Technology<br \/>\n<\/span><\/li>\n<li><span class=\"metafield-multi_line_text_field\">DCP System<br \/>\n<\/span><\/li>\n<li><span class=\"metafield-multi_line_text_field\">Shock Absorber<br \/>\n<\/span><\/li>\n<li><span class=\"metafield-multi_line_text_field\">Duratex<br \/>\n<\/span><\/li>\n<li><span class=\"metafield-multi_line_text_field\">Aircore<br \/>\n<\/span><\/li>\n<li><span class=\"metafield-multi_line_text_field\">Microtec Pro<br \/>\n<\/span><\/li>\n<li><span class=\"metafield-multi_line_text_field\">Foamfree<\/span><\/li>\n<\/ul>\n<\/li>\n<\/ul>\n<p><strong>PLANTA<\/strong><\/p>\n<ul>\n<li><strong>Compuesto suela: <\/strong>Poliuretano Multidensidad<\/li>\n<li><strong>Adhesi\u00f3n Capellada planta: <\/strong>Inyecci\u00f3n directa<\/li>\n<li><strong>Propiedades planta<\/strong>\n<ul>\n<li><span class=\"metafield-multi_line_text_field\">Diel\u00e9ctrica<br \/>\n<\/span><\/li>\n<li><span class=\"metafield-multi_line_text_field\">Resistente a Hidrocarburos<br \/>\n<\/span><\/li>\n<li><span class=\"metafield-multi_line_text_field\">Antideslizante<br \/>\n<\/span><\/li>\n<li><span class=\"metafield-multi_line_text_field\">Autolimpiante<br \/>\n<\/span><\/li>\n<li><span class=\"metafield-multi_line_text_field\">Resistente a la Flexi\u00f3n<br \/>\n<\/span><\/li>\n<li><span class=\"metafield-multi_line_text_field\">Resistente a la Abrasi\u00f3n<\/span><\/li>\n<\/ul>\n<\/li>\n<li><strong>Riesgos cubiertos<\/strong>\n<ul>\n<li><span class=\"metafield-multi_line_text_field\">D &#8211; Diel\u00e9ctrico<br \/>\n<\/span><\/li>\n<li><span class=\"metafield-multi_line_text_field\">HI &#8211; Aislamiento al Calor del Suelo<br \/>\n<\/span><\/li>\n<li><span class=\"metafield-multi_line_text_field\">CI &#8211; Aislamiento al Fr\u00edo del Suelo<br \/>\n<\/span><\/li>\n<li><span class=\"metafield-multi_line_text_field\">E &#8211; Absorci\u00f3n de Energ\u00eda en el Tal\u00f3n<\/span><\/li>\n<\/ul>\n<\/li>\n<\/ul>\n<p><strong>ACCESORIOS<\/strong><\/p>\n<ul>\n<li><strong>Cordones: <\/strong>Ultra resistentes a la tracci\u00f3n con REFLEMAX<\/li>\n<li><strong>Pasacordones: <\/strong>Ojalillos reforzados<\/li>\n<li><strong>Plantilla: <\/strong>Plantilla ultra confort conformada ergon\u00f3mica<\/li>\n<\/ul>\n","protected":false},"excerpt":{"rendered":"<p>Bot\u00edn urbano ultraliviano de seguridad. Cuero 100% natural, dise\u00f1o y tecnolog\u00eda de vanguardia. Confort sin l\u00edmites y m\u00e1xima protecci\u00f3n.<\/p>\n","protected":false},"featured_media":1699,"template":"","meta":{"_joinchat":[]},"product_brand":[274],"product_cat":[268,259],"product_tag":[280,272,277],"class_list":{"0":"post-1697","1":"product","2":"type-product","3":"status-publish","4":"has-post-thumbnail","6":"product_brand-funcional","7":"product_cat-botines","8":"product_cat-calzado-seguridad","9":"product_tag-botin","10":"product_tag-calzado-de-seguridad","11":"product_tag-funcional","13":"first","14":"instock","15":"taxable","16":"shipping-taxable","17":"purchasable","18":"product-type-simple"},"_links":{"self":[{"href":"https:\/\/urtec.com.ar\/tienda\/wp-json\/wp\/v2\/product\/1697","targetHints":{"allow":["GET"]}}],"collection":[{"href":"https:\/\/urtec.com.ar\/tienda\/wp-json\/wp\/v2\/product"}],"about":[{"href":"https:\/\/urtec.com.ar\/tienda\/wp-json\/wp\/v2\/types\/product"}],"wp:featuredmedia":[{"embeddable":true,"href":"https:\/\/urtec.com.ar\/tienda\/wp-json\/wp\/v2\/media\/1699"}],"wp:attachment":[{"href":"https:\/\/urtec.com.ar\/tienda\/wp-json\/wp\/v2\/media?parent=1697"}],"wp:term":[{"taxonomy":"product_brand","embeddable":true,"href":"https:\/\/urtec.com.ar\/tienda\/wp-json\/wp\/v2\/product_brand?post=1697"},{"taxonomy":"product_cat","embeddable":true,"href":"https:\/\/urtec.com.ar\/tienda\/wp-json\/wp\/v2\/product_cat?post=1697"},{"taxonomy":"product_tag","embeddable":true,"href":"https:\/\/urtec.com.ar\/tienda\/wp-json\/wp\/v2\/product_tag?post=1697"}],"curies":[{"name":"wp","href":"https:\/\/api.w.org\/{rel}","templated":true}]}}