{"id":1690,"date":"2026-01-29T10:55:57","date_gmt":"2026-01-29T13:55:57","guid":{"rendered":"https:\/\/c2751330.ferozo.com\/a\/?post_type=product&#038;p=1690"},"modified":"2026-04-17T15:08:28","modified_gmt":"2026-04-17T18:08:28","slug":"botin-funcional-capri-para-mujer-varios-colores","status":"publish","type":"product","link":"https:\/\/urtec.com.ar\/tienda\/product\/botin-funcional-capri-para-mujer-varios-colores\/","title":{"rendered":"Bot\u00edn FUNCIONAL Capri para mujer &#8211; Varios colores"},"content":{"rendered":"","protected":false},"excerpt":{"rendered":"<p>Bota urbana ultraliviana de seguridad. Dise\u00f1ada por y para mujeres. Materiales nobles ultra premium y tecnolog\u00eda de vanguardia. Confort sin l\u00edmites, femineidad y m\u00e1xima protecci\u00f3n.<\/p>\n","protected":false},"featured_media":1693,"template":"","meta":{"_joinchat":[]},"product_brand":[274],"product_cat":[15],"product_tag":[280,272,277],"class_list":{"0":"post-1690","1":"product","2":"type-product","3":"status-publish","4":"has-post-thumbnail","6":"product_brand-funcional","7":"product_cat-uncategorized","8":"product_tag-botin","9":"product_tag-calzado-de-seguridad","10":"product_tag-funcional","12":"first","13":"instock","14":"taxable","15":"shipping-taxable","16":"purchasable","17":"product-type-simple"},"_links":{"self":[{"href":"https:\/\/urtec.com.ar\/tienda\/wp-json\/wp\/v2\/product\/1690","targetHints":{"allow":["GET"]}}],"collection":[{"href":"https:\/\/urtec.com.ar\/tienda\/wp-json\/wp\/v2\/product"}],"about":[{"href":"https:\/\/urtec.com.ar\/tienda\/wp-json\/wp\/v2\/types\/product"}],"wp:featuredmedia":[{"embeddable":true,"href":"https:\/\/urtec.com.ar\/tienda\/wp-json\/wp\/v2\/media\/1693"}],"wp:attachment":[{"href":"https:\/\/urtec.com.ar\/tienda\/wp-json\/wp\/v2\/media?parent=1690"}],"wp:term":[{"taxonomy":"product_brand","embeddable":true,"href":"https:\/\/urtec.com.ar\/tienda\/wp-json\/wp\/v2\/product_brand?post=1690"},{"taxonomy":"product_cat","embeddable":true,"href":"https:\/\/urtec.com.ar\/tienda\/wp-json\/wp\/v2\/product_cat?post=1690"},{"taxonomy":"product_tag","embeddable":true,"href":"https:\/\/urtec.com.ar\/tienda\/wp-json\/wp\/v2\/product_tag?post=1690"}],"curies":[{"name":"wp","href":"https:\/\/api.w.org\/{rel}","templated":true}]}}