{"id":1683,"date":"2026-01-29T10:23:07","date_gmt":"2026-01-29T13:23:07","guid":{"rendered":"https:\/\/c2751330.ferozo.com\/a\/?post_type=product&#038;p=1683"},"modified":"2026-04-17T15:08:40","modified_gmt":"2026-04-17T18:08:40","slug":"zapato-voran-jano","status":"publish","type":"product","link":"https:\/\/urtec.com.ar\/tienda\/product\/zapato-voran-jano\/","title":{"rendered":"Zapato VORAN Jano"},"content":{"rendered":"<ul>\n<li><strong>Numeraci\u00f3n: <\/strong>Del 36 al 46<\/li>\n<li><strong>Composici\u00f3n suela: <\/strong>Poliuretano Bidensidad<\/li>\n<li><strong>Exterior: <\/strong>Cuero Box Liso<\/li>\n<li><strong>Puntera: <\/strong>Acero<\/li>\n<li><strong>Cuello: <\/strong>Acolchado<\/li>\n<li><strong>Leng\u00fceta: <\/strong>Con semi-fuelle<\/li>\n<\/ul>\n<p><strong>PLANTA<\/strong><\/p>\n<ul>\n<li><strong>Adhesi\u00f3n Capellada planta: <\/strong>Inyecci\u00f3n directa<\/li>\n<li><strong>Compuesto: <\/strong>Poliuretano Bidensidad<\/li>\n<li><strong>Otras Propiedades<\/strong>\n<ul>\n<li><span class=\"metafield-multi_line_text_field\">Diel\u00e9ctrica<br \/>\n<\/span><\/li>\n<li><span class=\"metafield-multi_line_text_field\">Resistente a Hidrocarburos<br \/>\n<\/span><\/li>\n<li><span class=\"metafield-multi_line_text_field\">Antideslizante<br \/>\n<\/span><\/li>\n<li><span class=\"metafield-multi_line_text_field\">Autolimpiante<br \/>\n<\/span><\/li>\n<li><span class=\"metafield-multi_line_text_field\">Resistente a la Flexi\u00f3n<br \/>\n<\/span><\/li>\n<li><span class=\"metafield-multi_line_text_field\">Resistente a la Abrasi\u00f3n<br \/>\n<\/span><\/li>\n<li><span class=\"metafield-multi_line_text_field\">Estr\u00edas para Escaleras<br \/>\n<\/span><\/li>\n<li><span class=\"metafield-multi_line_text_field\">Pisada Ancha<\/span><\/li>\n<\/ul>\n<\/li>\n<\/ul>\n<p><strong>ACCESORIOS<\/strong><\/p>\n<ul>\n<li><strong>Cordones: <\/strong>Alta Tracci\u00f3n<\/li>\n<li><strong>Pasacordones: <\/strong>Ojalillos reforzados<\/li>\n<li><strong>Plantilla: <\/strong>Plantilla confort de caucho de baja densidad<\/li>\n<\/ul>\n","protected":false},"excerpt":{"rendered":"<p>Zapato de Seguridad Modelo Franc\u00e9s Cuero Box de primera calidad. Dise\u00f1o industrial. Diel\u00e9ctrico. Ideal para trabajar c\u00f3modos en condiciones muy exigidas.<\/p>\n","protected":false},"featured_media":1684,"template":"","meta":{"_joinchat":[]},"product_brand":[275],"product_cat":[259,269],"product_tag":[272,278,279],"class_list":{"0":"post-1683","1":"product","2":"type-product","3":"status-publish","4":"has-post-thumbnail","6":"product_brand-voran","7":"product_cat-calzado-seguridad","8":"product_cat-zapatos","9":"product_tag-calzado-de-seguridad","10":"product_tag-voran","11":"product_tag-zapato","13":"first","14":"instock","15":"taxable","16":"shipping-taxable","17":"purchasable","18":"product-type-simple"},"_links":{"self":[{"href":"https:\/\/urtec.com.ar\/tienda\/wp-json\/wp\/v2\/product\/1683","targetHints":{"allow":["GET"]}}],"collection":[{"href":"https:\/\/urtec.com.ar\/tienda\/wp-json\/wp\/v2\/product"}],"about":[{"href":"https:\/\/urtec.com.ar\/tienda\/wp-json\/wp\/v2\/types\/product"}],"wp:featuredmedia":[{"embeddable":true,"href":"https:\/\/urtec.com.ar\/tienda\/wp-json\/wp\/v2\/media\/1684"}],"wp:attachment":[{"href":"https:\/\/urtec.com.ar\/tienda\/wp-json\/wp\/v2\/media?parent=1683"}],"wp:term":[{"taxonomy":"product_brand","embeddable":true,"href":"https:\/\/urtec.com.ar\/tienda\/wp-json\/wp\/v2\/product_brand?post=1683"},{"taxonomy":"product_cat","embeddable":true,"href":"https:\/\/urtec.com.ar\/tienda\/wp-json\/wp\/v2\/product_cat?post=1683"},{"taxonomy":"product_tag","embeddable":true,"href":"https:\/\/urtec.com.ar\/tienda\/wp-json\/wp\/v2\/product_tag?post=1683"}],"curies":[{"name":"wp","href":"https:\/\/api.w.org\/{rel}","templated":true}]}}