{"id":1511,"date":"2026-01-27T17:51:14","date_gmt":"2026-01-27T20:51:14","guid":{"rendered":"https:\/\/c2751330.ferozo.com\/a\/?post_type=product&#038;p=1511"},"modified":"2026-04-18T16:57:39","modified_gmt":"2026-04-18T19:57:39","slug":"cola-de-amarre-caran-tipo-y-3008-2-15mts","status":"publish","type":"product","link":"https:\/\/urtec.com.ar\/tienda\/product\/cola-de-amarre-caran-tipo-y-3008-2-15mts\/","title":{"rendered":"Cola de amarre CARAN tipo Y (3008\/2) 1,5mts"},"content":{"rendered":"","protected":false},"excerpt":{"rendered":"<p>El Elemento de Amarre antica\u00edda con absorbedor de energ\u00eda est\u00e1 dise\u00f1ado para detener, formando parte de un sistema antica\u00edda.<\/p>\n<p>Es particularmente apto para ser utilizado cuando se requiere eludir obst\u00e1culos (de amplia geometr\u00eda) durante la actividad laboral sin disminuci\u00f3n de la protecci\u00f3n brindada por el elemento.<\/p>\n","protected":false},"featured_media":1633,"template":"","meta":{"_joinchat":[]},"product_brand":[44],"product_cat":[209,207],"product_tag":[43,217,213],"class_list":{"0":"post-1511","1":"product","2":"type-product","3":"status-publish","4":"has-post-thumbnail","6":"product_brand-caran","7":"product_cat-cabo","8":"product_cat-seguridad-altura","9":"product_tag-cabo","10":"product_tag-caran","11":"product_tag-seguridad-en-altura","13":"first","14":"outofstock","15":"taxable","16":"shipping-taxable","17":"purchasable","18":"product-type-simple"},"_links":{"self":[{"href":"https:\/\/urtec.com.ar\/tienda\/wp-json\/wp\/v2\/product\/1511","targetHints":{"allow":["GET"]}}],"collection":[{"href":"https:\/\/urtec.com.ar\/tienda\/wp-json\/wp\/v2\/product"}],"about":[{"href":"https:\/\/urtec.com.ar\/tienda\/wp-json\/wp\/v2\/types\/product"}],"wp:featuredmedia":[{"embeddable":true,"href":"https:\/\/urtec.com.ar\/tienda\/wp-json\/wp\/v2\/media\/1633"}],"wp:attachment":[{"href":"https:\/\/urtec.com.ar\/tienda\/wp-json\/wp\/v2\/media?parent=1511"}],"wp:term":[{"taxonomy":"product_brand","embeddable":true,"href":"https:\/\/urtec.com.ar\/tienda\/wp-json\/wp\/v2\/product_brand?post=1511"},{"taxonomy":"product_cat","embeddable":true,"href":"https:\/\/urtec.com.ar\/tienda\/wp-json\/wp\/v2\/product_cat?post=1511"},{"taxonomy":"product_tag","embeddable":true,"href":"https:\/\/urtec.com.ar\/tienda\/wp-json\/wp\/v2\/product_tag?post=1511"}],"curies":[{"name":"wp","href":"https:\/\/api.w.org\/{rel}","templated":true}]}}