{"id":1376,"date":"2026-01-27T10:25:02","date_gmt":"2026-01-27T13:25:02","guid":{"rendered":"https:\/\/c2751330.ferozo.com\/a\/?post_type=product&#038;p=1376"},"modified":"2026-04-18T16:57:34","modified_gmt":"2026-04-18T19:57:34","slug":"guante-latex-mapa-jersette-301","status":"publish","type":"product","link":"https:\/\/urtec.com.ar\/tienda\/product\/guante-latex-mapa-jersette-301\/","title":{"rendered":"Guante L\u00e1tex MAPA Jersette 301"},"content":{"rendered":"<table class=\"table table-bordered\">\n<tbody>\n<tr>\n<th>Material<\/th>\n<td>L\u00e1tex certificado FSC\u2122<\/td>\n<\/tr>\n<tr>\n<th>Color<\/th>\n<td>azul<\/td>\n<\/tr>\n<tr>\n<th>Acabado interior<\/th>\n<td>Soporte textil<\/td>\n<\/tr>\n<tr>\n<th>Acabado exterior<\/th>\n<td>Granulado<\/td>\n<\/tr>\n<tr>\n<th>Longitud (cm)<\/th>\n<td>30-32<\/td>\n<\/tr>\n<tr>\n<th>Grosor (mm)<\/th>\n<td>1.15<\/td>\n<\/tr>\n<tr>\n<th>Tallas<\/th>\n<td>5 6 7 8 9 10<\/td>\n<\/tr>\n<\/tbody>\n<\/table>\n","protected":false},"excerpt":{"rendered":"<p>M\u00e1xima comodidad para trabajos prolongados en entornos agresivos. Fabricado con l\u00e1tex certificado FSC\u2122.<\/p>\n<h3 id=\"specificadvantages\" class=\"foldable-title\">Funciones espec\u00edficas<\/h3>\n<div id=\"foldable-content-specificadvantages\" class=\"foldable-content collapse in\">\n<div class=\"foldable-content-wrapper\">\n<h4>Confort<\/h4>\n<ul>\n<li>Libertad de movimiento, debido a la forma\u00a0anat\u00f3mica\u00a0y la excelente comodidad del soporte textil (tejido sin costuras en la superficie de trabajo)<\/li>\n<\/ul>\n<h4>Durabilidad<\/h4>\n<ul>\n<li>Buena resistencia al desgaro<\/li>\n<\/ul>\n<h4>Protecci\u00f3n de la piel<\/h4>\n<ul>\n<li>Buena resistencia frente a muchos \u00e1cidos diluidos y bases<\/li>\n<\/ul>\n<h4>Calidad garantizada<\/h4>\n<ul>\n<li>Sin silicona para evitar rastros y defectos en chapas met\u00e1licas y cristal antes de pintar<\/li>\n<\/ul>\n<h4 class=\"green\">Care for the environment<\/h4>\n<ul>\n<li>l\u00e1tex certificado FSC\u2122<\/li>\n<li>Envases individuales optimizados para limitar los residuos pl\u00e1sticos<\/li>\n<li>Material\u00a0reciclado en el envase: 30 %<\/li>\n<\/ul>\n<h3 id=\"applications\" class=\"foldable-title\">Aplicaciones<\/h3>\n<div id=\"foldable-content-applications\" class=\"foldable-content collapse in\" aria-expanded=\"true\">\n<div class=\"foldable-content-wrapper\">\n<h4>Limpieza<\/h4>\n<ul>\n<li>Manipulaci\u00f3n de detergentes dom\u00e9sticos<\/li>\n<\/ul>\n<h4>Industria aeron\u00e1utica<\/h4>\n<ul>\n<li>Trabajo con materiales compuestos (resinas)<\/li>\n<\/ul>\n<h4>Industria de la construcci\u00f3n (Alba\u00f1iler\u00eda\/Enyesado)<\/h4>\n<ul>\n<li>Preparaci\u00f3n y vertido de mortero y cemento.<\/li>\n<\/ul>\n<\/div>\n<\/div>\n<\/div>\n<\/div>\n","protected":false},"featured_media":1377,"template":"","meta":{"_joinchat":[]},"product_brand":[170],"product_cat":[158,151],"product_tag":[169,184,167],"class_list":{"0":"post-1376","1":"product","2":"type-product","3":"status-publish","4":"has-post-thumbnail","6":"product_brand-mapa","7":"product_cat-latex","8":"product_cat-protecion-mano","9":"product_tag-latex","10":"product_tag-mapa","11":"product_tag-proteccion-de-manos","13":"first","14":"instock","15":"taxable","16":"shipping-taxable","17":"purchasable","18":"product-type-simple"},"_links":{"self":[{"href":"https:\/\/urtec.com.ar\/tienda\/wp-json\/wp\/v2\/product\/1376","targetHints":{"allow":["GET"]}}],"collection":[{"href":"https:\/\/urtec.com.ar\/tienda\/wp-json\/wp\/v2\/product"}],"about":[{"href":"https:\/\/urtec.com.ar\/tienda\/wp-json\/wp\/v2\/types\/product"}],"wp:featuredmedia":[{"embeddable":true,"href":"https:\/\/urtec.com.ar\/tienda\/wp-json\/wp\/v2\/media\/1377"}],"wp:attachment":[{"href":"https:\/\/urtec.com.ar\/tienda\/wp-json\/wp\/v2\/media?parent=1376"}],"wp:term":[{"taxonomy":"product_brand","embeddable":true,"href":"https:\/\/urtec.com.ar\/tienda\/wp-json\/wp\/v2\/product_brand?post=1376"},{"taxonomy":"product_cat","embeddable":true,"href":"https:\/\/urtec.com.ar\/tienda\/wp-json\/wp\/v2\/product_cat?post=1376"},{"taxonomy":"product_tag","embeddable":true,"href":"https:\/\/urtec.com.ar\/tienda\/wp-json\/wp\/v2\/product_tag?post=1376"}],"curies":[{"name":"wp","href":"https:\/\/api.w.org\/{rel}","templated":true}]}}