{"id":1328,"date":"2026-01-26T15:38:02","date_gmt":"2026-01-26T18:38:02","guid":{"rendered":"https:\/\/c2751330.ferozo.com\/a\/?post_type=product&#038;p=1328"},"modified":"2026-04-18T16:57:34","modified_gmt":"2026-04-18T19:57:34","slug":"protector-auditivo-de-copa-libus-l-340","status":"publish","type":"product","link":"https:\/\/urtec.com.ar\/tienda\/product\/protector-auditivo-de-copa-libus-l-340\/","title":{"rendered":"Protector Auditivo de Copa LIBUS L-340"},"content":{"rendered":"<ul>\n<li>Modelo Vincha, Compuesto b\u00e1sicamente por 2 orejeras vinculadas por una vincha.<\/li>\n<li>Regulaci\u00f3n de altura multipunto.<\/li>\n<li>Copa con orejera acolchada; confortable a\u00fan en jornadas prolongadas.<\/li>\n<li>Vincha con banda soft para un agradable calce a la cabeza.<\/li>\n<li>Sistema de anclaje lateral doble a la copa: equilibra la presi\u00f3n sobre la oreja y permite una regulaci\u00f3n precisa de la altura, rotaci\u00f3n y \u00e1ngulo.<\/li>\n<li>Orejera lavable.<\/li>\n<li>Incluye soporte para cintur\u00f3n. Permite llevar el protector en la cintura mientras no se utiliza.<\/li>\n<\/ul>\n","protected":false},"excerpt":{"rendered":"<p>El protector auditivo de copa L-340 suministra protecci\u00f3n de manera no invasiva, aislando el o\u00eddo de la fuente de ruido. Su dise\u00f1o ergon\u00f3mico y adaptabilidad permite que pueda ser usado por la mayor\u00eda de los usuarios.<\/p>\n","protected":false},"featured_media":1330,"template":"","meta":{"_joinchat":[]},"product_brand":[30],"product_cat":[145,143],"product_tag":[147,37,96],"class_list":{"0":"post-1328","1":"product","2":"type-product","3":"status-publish","4":"has-post-thumbnail","6":"product_brand-libus","7":"product_cat-de-copa","8":"product_cat-proteccion-auditiva","9":"product_tag-auditiva","10":"product_tag-de-copa","11":"product_tag-libus","13":"first","14":"outofstock","15":"taxable","16":"shipping-taxable","17":"purchasable","18":"product-type-simple"},"_links":{"self":[{"href":"https:\/\/urtec.com.ar\/tienda\/wp-json\/wp\/v2\/product\/1328","targetHints":{"allow":["GET"]}}],"collection":[{"href":"https:\/\/urtec.com.ar\/tienda\/wp-json\/wp\/v2\/product"}],"about":[{"href":"https:\/\/urtec.com.ar\/tienda\/wp-json\/wp\/v2\/types\/product"}],"wp:featuredmedia":[{"embeddable":true,"href":"https:\/\/urtec.com.ar\/tienda\/wp-json\/wp\/v2\/media\/1330"}],"wp:attachment":[{"href":"https:\/\/urtec.com.ar\/tienda\/wp-json\/wp\/v2\/media?parent=1328"}],"wp:term":[{"taxonomy":"product_brand","embeddable":true,"href":"https:\/\/urtec.com.ar\/tienda\/wp-json\/wp\/v2\/product_brand?post=1328"},{"taxonomy":"product_cat","embeddable":true,"href":"https:\/\/urtec.com.ar\/tienda\/wp-json\/wp\/v2\/product_cat?post=1328"},{"taxonomy":"product_tag","embeddable":true,"href":"https:\/\/urtec.com.ar\/tienda\/wp-json\/wp\/v2\/product_tag?post=1328"}],"curies":[{"name":"wp","href":"https:\/\/api.w.org\/{rel}","templated":true}]}}