{"id":1274,"date":"2026-01-26T09:45:03","date_gmt":"2026-01-26T12:45:03","guid":{"rendered":"https:\/\/c2751330.ferozo.com\/a\/?post_type=product&#038;p=1274"},"modified":"2026-04-18T16:57:33","modified_gmt":"2026-04-18T19:57:33","slug":"mascara-de-silicona-3m-ff-402","status":"publish","type":"product","link":"https:\/\/urtec.com.ar\/tienda\/product\/mascara-de-silicona-3m-ff-402\/","title":{"rendered":"Mascara De Silicona 3M FF-402"},"content":{"rendered":"<ul>\n<li>Pieza Facial: Silicona<\/li>\n<li>Copa Nasal: Silicona<\/li>\n<li>Visor: Policarbonato<\/li>\n<li>Color Respirador: Gris<\/li>\n<\/ul>\n","protected":false},"excerpt":{"rendered":"<p>La pieza facial de la serie FF400 de Rostro Completo brinda una excelente y efectiva protecci\u00f3n cuando se usa de acuerdo con las instrucciones de colocaci\u00f3n y se utilizan los criterios de selecci\u00f3n adecuados para filtros y cartuchos. Es liviano y posee un buen balance de peso al ser usado con filtros y\/o cartuchos. Es el Respirador 3M m\u00e1s fuerte, dise\u00f1ado para proporcionar flexibilidad en sus usuarios en ambientes de trabajo extremos. Con tecnolog\u00eda para entregar la comodidad m\u00e1xima con un amplio campo visual, el respirador FX FF400 es suave, con copa nasal en silicona y un visor (lente) amplio que permite un campo visual superior a otros respiradores. Es el \u00fanico respirador de 3M con protector Scotchgard\u2122, que ayuda al visor (lente) a ser resistente ante la suciedad, la pintura y manchas, haciendo m\u00e1s f\u00e1cil su limpieza y ayuda a mantener los visores limpios durantes trabajos de rociado o spray , lo que permite que el trabajador pueda trabajar m\u00e1s tiempo sin interrupciones aumentando la productividad.<br \/>\nPosee una V\u00e1lvula de Exhalaci\u00f3n que ayuda a reducir el calor y la acumulaci\u00f3n de humedad dentro de la pieza facial.<br \/>\nPosee una C\u00f3moda Horquilla para ajuste de Arn\u00e9s lo que permite un excelente ajuste haciendo el respirador m\u00e1s c\u00f3modo en la cabeza reduciendo los puntos de presi\u00f3n y tiraje de cabello.<br \/>\nSu arn\u00e9s con sujeci\u00f3n en 6 puntos brinda un ajuste seguro.<br \/>\nEl arn\u00e9s ha sido puesto en pruebas de calidad de ajuste m\u00e1s de un mill\u00f3n de veces.<br \/>\nEl material de la pieza facial es de silicona lo que hace al respirador muy c\u00f3modo, suave e hipoalerg\u00e9nico.<br \/>\nEl visor es de policarbonato altamente resistente a impactos, por lo cual entrega una excelente protecci\u00f3n ocular. Se encuentra disponible en tres tama\u00f1os, para un mejor ajuste y confort.<br \/>\nTambi\u00e9n se puede usar con sistema de l\u00ednea de aire.<\/p>\n","protected":false},"featured_media":1275,"template":"","meta":{"_joinchat":[]},"product_brand":[110],"product_cat":[136,132],"product_tag":[111,141,137],"class_list":{"0":"post-1274","1":"product","2":"type-product","3":"status-publish","4":"has-post-thumbnail","6":"product_brand-3m","7":"product_cat-mascaras-semimascaras","8":"product_cat-proteccion-respiratoria","9":"product_tag-3m","10":"product_tag-mascaras-y-semimascaras","11":"product_tag-respiratoria","13":"first","14":"instock","15":"taxable","16":"shipping-taxable","17":"purchasable","18":"product-type-simple"},"_links":{"self":[{"href":"https:\/\/urtec.com.ar\/tienda\/wp-json\/wp\/v2\/product\/1274","targetHints":{"allow":["GET"]}}],"collection":[{"href":"https:\/\/urtec.com.ar\/tienda\/wp-json\/wp\/v2\/product"}],"about":[{"href":"https:\/\/urtec.com.ar\/tienda\/wp-json\/wp\/v2\/types\/product"}],"wp:featuredmedia":[{"embeddable":true,"href":"https:\/\/urtec.com.ar\/tienda\/wp-json\/wp\/v2\/media\/1275"}],"wp:attachment":[{"href":"https:\/\/urtec.com.ar\/tienda\/wp-json\/wp\/v2\/media?parent=1274"}],"wp:term":[{"taxonomy":"product_brand","embeddable":true,"href":"https:\/\/urtec.com.ar\/tienda\/wp-json\/wp\/v2\/product_brand?post=1274"},{"taxonomy":"product_cat","embeddable":true,"href":"https:\/\/urtec.com.ar\/tienda\/wp-json\/wp\/v2\/product_cat?post=1274"},{"taxonomy":"product_tag","embeddable":true,"href":"https:\/\/urtec.com.ar\/tienda\/wp-json\/wp\/v2\/product_tag?post=1274"}],"curies":[{"name":"wp","href":"https:\/\/api.w.org\/{rel}","templated":true}]}}