{"id":1261,"date":"2026-01-26T09:25:05","date_gmt":"2026-01-26T12:25:05","guid":{"rendered":"https:\/\/c2751330.ferozo.com\/a\/?post_type=product&#038;p=1261"},"modified":"2026-04-18T16:57:32","modified_gmt":"2026-04-18T19:57:32","slug":"semimascara-bls-4000-next-r","status":"publish","type":"product","link":"https:\/\/urtec.com.ar\/tienda\/product\/semimascara-bls-4000-next-r\/","title":{"rendered":"Semim\u00e1scara BLS 4000 Next R"},"content":{"rendered":"<ul>\n<li><strong>F\u00e1cil mantenimiento:<\/strong>\u00a0F\u00e1cil y r\u00e1pido desmontaje, limpieza, higienizaci\u00f3n y montaje.<\/li>\n<li><strong>Pieza facial 25% m\u00e1s ligera:<\/strong>\u00a0La reducci\u00f3n del espesor en la pieza facial, ha permitido una reducci\u00f3n de la media m\u00e1scara que resulta ser una de las m\u00e1s ligeras en el mercado.<\/li>\n<li><strong>Drop-off:<\/strong>\u00a0Nueva m\u00e1scara frontal con sistema de enganche y desenganche r\u00e1pido y el\u00e1sticos corredizos que permiten sacar y bajar la media m\u00e1scara sin remover el puente.<\/li>\n<li><strong>Material:<\/strong>\u00a0Caucho termopl\u00e1stico<\/li>\n<li><strong>Puente:<\/strong>\u00a0Puente fino y ligero, con regulaci\u00f3n r\u00e1pida que permite la \u00f3ptima compatibilidad con otros EPI.<\/li>\n<li><strong>Conexi\u00f3n bayoneta:<\/strong>\u00a0Conexi\u00f3n intuitiva que permite una sujeci\u00f3n r\u00e1pida y segura de la m\u00e1scara. Dispone de un mecanismo de bloqueo que permite al usuario saber si el filtro se ha colocado correctamente. El filtro doble ofrece una mejor distribuci\u00f3n del peso en la m\u00e1scara y un campo de visi\u00f3n m\u00e1s amplio.<\/li>\n<\/ul>\n","protected":false},"excerpt":{"rendered":"<p>La media m\u00e1scara BLS 4000next R, elaborada en caucho termopl\u00e1stico, ofrece una protecci\u00f3n eficaz con sus dos filtros de conexi\u00f3n bayoneta. Dise\u00f1ada para proteger contra gases, vapores y part\u00edculas t\u00f3xicas, garantiza seguridad y comodidad en entornos potencialmente peligrosos.<\/p>\n","protected":false},"featured_media":1267,"template":"","meta":{"_joinchat":[]},"product_brand":[30],"product_cat":[136,132],"product_tag":[96,141,137],"class_list":{"0":"post-1261","1":"product","2":"type-product","3":"status-publish","4":"has-post-thumbnail","6":"product_brand-libus","7":"product_cat-mascaras-semimascaras","8":"product_cat-proteccion-respiratoria","9":"product_tag-libus","10":"product_tag-mascaras-y-semimascaras","11":"product_tag-respiratoria","13":"first","14":"outofstock","15":"taxable","16":"shipping-taxable","17":"purchasable","18":"product-type-simple"},"_links":{"self":[{"href":"https:\/\/urtec.com.ar\/tienda\/wp-json\/wp\/v2\/product\/1261","targetHints":{"allow":["GET"]}}],"collection":[{"href":"https:\/\/urtec.com.ar\/tienda\/wp-json\/wp\/v2\/product"}],"about":[{"href":"https:\/\/urtec.com.ar\/tienda\/wp-json\/wp\/v2\/types\/product"}],"wp:featuredmedia":[{"embeddable":true,"href":"https:\/\/urtec.com.ar\/tienda\/wp-json\/wp\/v2\/media\/1267"}],"wp:attachment":[{"href":"https:\/\/urtec.com.ar\/tienda\/wp-json\/wp\/v2\/media?parent=1261"}],"wp:term":[{"taxonomy":"product_brand","embeddable":true,"href":"https:\/\/urtec.com.ar\/tienda\/wp-json\/wp\/v2\/product_brand?post=1261"},{"taxonomy":"product_cat","embeddable":true,"href":"https:\/\/urtec.com.ar\/tienda\/wp-json\/wp\/v2\/product_cat?post=1261"},{"taxonomy":"product_tag","embeddable":true,"href":"https:\/\/urtec.com.ar\/tienda\/wp-json\/wp\/v2\/product_tag?post=1261"}],"curies":[{"name":"wp","href":"https:\/\/api.w.org\/{rel}","templated":true}]}}