{"id":1251,"date":"2026-01-26T09:01:10","date_gmt":"2026-01-26T12:01:10","guid":{"rendered":"https:\/\/c2751330.ferozo.com\/a\/?post_type=product&#038;p=1251"},"modified":"2026-04-18T16:57:31","modified_gmt":"2026-04-18T19:57:31","slug":"respirador-3m-8515-para-soldaduras","status":"publish","type":"product","link":"https:\/\/urtec.com.ar\/tienda\/product\/respirador-3m-8515-para-soldaduras\/","title":{"rendered":"Respirador 3M 8515 Para Soldaduras"},"content":{"rendered":"<p>\u2022 Cintas el\u00e1sticas: color amarillo<br \/>\n\u2022 Clip met\u00e1lico: Aluminio (en \u201cM\u201d)<br \/>\n\u2022 V\u00e1lvula: Cool Flow Valve, Color negro<br \/>\n\u2022 Elemento filtrante: Tela no tejida de polipropileno y poliester.<br \/>\n\u2022 Peso apr\u00f3x.: 10g.<br \/>\n\u2022 Color: Blanco<\/p>\n","protected":false},"excerpt":{"rendered":"<p>El respirador libre de mantenimiento 3M 8515 brinda una efectiva, confortable e higi\u00e9nica protecci\u00f3n respiratoria para aplicaciones de soldadura, corte, triturado y arenado suave. Este respirador ofrece una serie de beneficios para Ud. y sus trabajadores:<\/p>\n<ul>\n<li>Red para Soldadura 3M: El medio filtrante y las capas protectoras de este respirador son resistentes a la llama seg\u00fan ASTM D2859-96.<\/li>\n<li>V\u00e1lvula de Color Negro: El respirador 3M N95 8515 posee una v\u00e1lvula color negro para una f\u00e1cil identificaci\u00f3n.<\/li>\n<li>V\u00e1lvula de Exhalaci\u00f3n Cool FlowTM: V\u00e1lvula patentada de una sola direcci\u00f3n que facilita la exhalaci\u00f3n.<\/li>\n<li>Medio Filtrante Electrost\u00e1tico Avanzado: Microfibras especiales avanzadas cargadas electrost\u00e1ticamente que exceden los requerimientos de las Normas NIOSH con menos medio filtrante.<\/li>\n<li>Clip Nasal en M: El clip nasal ajustable en forma de M se moldea f\u00e1cilmente con menos pliegues.<\/li>\n<li>La Banda para la Cabeza El\u00e1stica provee confort y durabilidad.<\/li>\n<\/ul>\n","protected":false},"featured_media":1252,"template":"","meta":{"_joinchat":[]},"product_brand":[110],"product_cat":[132,133],"product_tag":[111,139,137],"class_list":{"0":"post-1251","1":"product","2":"type-product","3":"status-publish","4":"has-post-thumbnail","6":"product_brand-3m","7":"product_cat-proteccion-respiratoria","8":"product_cat-respiradores-descartables","9":"product_tag-3m","10":"product_tag-respiradores-descartables","11":"product_tag-respiratoria","13":"first","14":"instock","15":"taxable","16":"shipping-taxable","17":"purchasable","18":"product-type-simple"},"_links":{"self":[{"href":"https:\/\/urtec.com.ar\/tienda\/wp-json\/wp\/v2\/product\/1251","targetHints":{"allow":["GET"]}}],"collection":[{"href":"https:\/\/urtec.com.ar\/tienda\/wp-json\/wp\/v2\/product"}],"about":[{"href":"https:\/\/urtec.com.ar\/tienda\/wp-json\/wp\/v2\/types\/product"}],"wp:featuredmedia":[{"embeddable":true,"href":"https:\/\/urtec.com.ar\/tienda\/wp-json\/wp\/v2\/media\/1252"}],"wp:attachment":[{"href":"https:\/\/urtec.com.ar\/tienda\/wp-json\/wp\/v2\/media?parent=1251"}],"wp:term":[{"taxonomy":"product_brand","embeddable":true,"href":"https:\/\/urtec.com.ar\/tienda\/wp-json\/wp\/v2\/product_brand?post=1251"},{"taxonomy":"product_cat","embeddable":true,"href":"https:\/\/urtec.com.ar\/tienda\/wp-json\/wp\/v2\/product_cat?post=1251"},{"taxonomy":"product_tag","embeddable":true,"href":"https:\/\/urtec.com.ar\/tienda\/wp-json\/wp\/v2\/product_tag?post=1251"}],"curies":[{"name":"wp","href":"https:\/\/api.w.org\/{rel}","templated":true}]}}